{"id":97,"date":"2021-08-27T04:37:29","date_gmt":"2021-08-27T04:37:29","guid":{"rendered":"http:\/\/laboratorioloberia.com.ar\/wordpress\/?page_id=97"},"modified":"2021-12-04T12:56:35","modified_gmt":"2021-12-04T12:56:35","slug":"habilitaciones-y-adhesiones","status":"publish","type":"page","link":"http:\/\/laboratorioloberia.com.ar\/?page_id=97","title":{"rendered":"Habilitaciones y Adhesiones"},"content":{"rendered":"<ul>\n<li>Laboratorio Acreditado por INASE (para expedir certificados v\u00e1lidos en todo el Mercosur). N\u00ba I\/3581<\/li>\n<li>En calidad de semillas trabajamos bajo Reglas ISTA (International Seed Testing Association)<\/li>\n<li>Socio Activo de la Asociaci\u00f3n Argentina de la Ciencia del Suelo y de la AAF (Asociaci\u00f3n Argentina de Fitopatolog\u00eda)<\/li>\n<li>Adheridos al SAMLA N\u00b0093, Sistema de Apoyo Metodol\u00f3gico para Laboratorios de An\u00e1lisis de Suelos y Aguas<\/li>\n<li>Participaci\u00f3n desde los inicios (2009) en PROINSA (Programa Nacional de Interlaboratorios de Suelos Agropecuarios) del Ministerio de Agricultura Ganader\u00eda y Pesca de la Naci\u00f3n, obteniendo las m\u00e1ximas valoraciones para los distintos ensayos evaluados<\/li>\n<li>En An\u00e1lisis de Calidad Comercial, contamos con la Matr\u00edcula de Perito Clasificador de Cereales y Oleaginosos MAGyP N\u00ba 553<\/li>\n<li>Integrantes desde su fundaci\u00f3n en 1995 de la Asociaci\u00f3n de Laboratorios Agropecuarios Privados (ALAP), participando anualmente de los Ensayos de Aptitud en Suelos, Aguas, Alimentos, Semillas, Patolog\u00eda y Calidad Comercial <a href=\"http:\/\/www.laboratoriosalap.com.ar\">www.laboratoriosalap.com.ar<\/a><\/li>\n<li>Organizadores junto con ALAP de Jornadas y Simposios. Integrante de la Comisi\u00f3n Organizadora: 1\u00b0 Congreso Argentino de Semillas \u201cGerminando Nuevas Ideas\u201d<\/li>\n<li>Miembros de la Red de Expertos del Sistema Nacional de Vigilancia y Monitoreo de Plagas (SINAVIMO) perteneciente a SENASA<\/li>\n<li>Miembros de la Asociaci\u00f3n de INGENIEROS AGR\u00d3NOMOS Y FORESTALES de Lober\u00eda<\/li>\n<\/ul>\n","protected":false},"excerpt":{"rendered":"<p>Laboratorio Acreditado por INASE (para expedir certificados v\u00e1lidos en todo el Mercosur). N\u00ba I\/3581 En calidad de semillas trabajamos bajo Reglas ISTA (International Seed Testing Association) Socio Activo de la Asociaci\u00f3n Argentina de la Ciencia del Suelo y de la AAF (Asociaci\u00f3n Argentina de Fitopatolog\u00eda) Adheridos al SAMLA N\u00b0093, Sistema de Apoyo Metodol\u00f3gico para Laboratorios [&hellip;]<\/p>\n","protected":false},"author":1,"featured_media":239,"parent":0,"menu_order":0,"comment_status":"closed","ping_status":"closed","template":"","meta":{"footnotes":""},"class_list":["post-97","page","type-page","status-publish","has-post-thumbnail","hentry"],"_links":{"self":[{"href":"http:\/\/laboratorioloberia.com.ar\/index.php?rest_route=\/wp\/v2\/pages\/97","targetHints":{"allow":["GET"]}}],"collection":[{"href":"http:\/\/laboratorioloberia.com.ar\/index.php?rest_route=\/wp\/v2\/pages"}],"about":[{"href":"http:\/\/laboratorioloberia.com.ar\/index.php?rest_route=\/wp\/v2\/types\/page"}],"author":[{"embeddable":true,"href":"http:\/\/laboratorioloberia.com.ar\/index.php?rest_route=\/wp\/v2\/users\/1"}],"replies":[{"embeddable":true,"href":"http:\/\/laboratorioloberia.com.ar\/index.php?rest_route=%2Fwp%2Fv2%2Fcomments&post=97"}],"version-history":[{"count":7,"href":"http:\/\/laboratorioloberia.com.ar\/index.php?rest_route=\/wp\/v2\/pages\/97\/revisions"}],"predecessor-version":[{"id":241,"href":"http:\/\/laboratorioloberia.com.ar\/index.php?rest_route=\/wp\/v2\/pages\/97\/revisions\/241"}],"wp:featuredmedia":[{"embeddable":true,"href":"http:\/\/laboratorioloberia.com.ar\/index.php?rest_route=\/wp\/v2\/media\/239"}],"wp:attachment":[{"href":"http:\/\/laboratorioloberia.com.ar\/index.php?rest_route=%2Fwp%2Fv2%2Fmedia&parent=97"}],"curies":[{"name":"wp","href":"https:\/\/api.w.org\/{rel}","templated":true}]}}