{"id":90,"date":"2021-08-27T04:26:41","date_gmt":"2021-08-27T04:26:41","guid":{"rendered":"http:\/\/laboratorioloberia.com.ar\/wordpress\/?page_id=90"},"modified":"2021-08-27T04:44:33","modified_gmt":"2021-08-27T04:44:33","slug":"politica-de-calidad","status":"publish","type":"page","link":"http:\/\/laboratorioloberia.com.ar\/?page_id=90","title":{"rendered":"Pol\u00edtica de Calidad"},"content":{"rendered":"<p>La Direcci\u00f3n T\u00e9cnica del Laboratorio Agropecuario asume el compromiso de:<\/p>\n<ul>\n<li>Satisfacer los requisitos , expectativas y necesidades de nuestros actuales y potenciales clientes , mediante el compromiso de todo el personal del laboratorio<\/li>\n<li>Contar con los recursos necesarios para brindar los servicios en tiempo y forma y cumplir con los requisitos establecidos por las normas<\/li>\n<\/ul>\n<p><strong>Objetivos<img loading=\"lazy\" decoding=\"async\" class=\"size-medium wp-image-92 alignright\" src=\"http:\/\/laboratorioloberia.com.ar\/wordpress\/wp-content\/uploads\/2021\/08\/loberia28-300x209.png\" alt=\"\" width=\"300\" height=\"209\" srcset=\"http:\/\/laboratorioloberia.com.ar\/wp-content\/uploads\/2021\/08\/loberia28-300x209.png 300w, http:\/\/laboratorioloberia.com.ar\/wp-content\/uploads\/2021\/08\/loberia28-1024x713.png 1024w, http:\/\/laboratorioloberia.com.ar\/wp-content\/uploads\/2021\/08\/loberia28-768x535.png 768w, http:\/\/laboratorioloberia.com.ar\/wp-content\/uploads\/2021\/08\/loberia28-1536x1070.png 1536w, http:\/\/laboratorioloberia.com.ar\/wp-content\/uploads\/2021\/08\/loberia28.png 1622w\" sizes=\"auto, (max-width: 300px) 100vw, 300px\" \/><\/strong><\/p>\n<p>Asegurar el crecimiento continuo de los servicios que el laboratorio ofrece<\/p>\n<p>Trabajar en una l\u00ednea de eficiencia y calidad, teniendo en cuenta las necesidades del cliente<\/p>\n<p>Considerar la sociedad y el medio ambiente<\/p>\n<p>Permanente capacitaci\u00f3n de nuestro personal<\/p>\n<p>Explorar los medios de informaci\u00f3n para mantener los procesos actualizados<\/p>\n<p>Conservar la \u00e9tica profesional, el trabajo en equipo y las normas<\/p>\n<p>Ofrecer equipamiento de \u00faltima generaci\u00f3n<\/p>\n<p>Cumplir con las normas requeridas<\/p>\n<p><strong>\u00a0<\/strong><\/p>\n<p><strong>Misi\u00f3n<\/strong><\/p>\n<p>Brindar al cliente servicios de an\u00e1lisis estandarizados seg\u00fan normas oficiales<\/p>\n<p>Emitir resultados de an\u00e1lisis precisos y confiables<img loading=\"lazy\" decoding=\"async\" class=\"size-medium wp-image-93 alignright\" src=\"http:\/\/laboratorioloberia.com.ar\/wordpress\/wp-content\/uploads\/2021\/08\/loberia32-300x209.png\" alt=\"\" width=\"300\" height=\"209\" srcset=\"http:\/\/laboratorioloberia.com.ar\/wp-content\/uploads\/2021\/08\/loberia32-300x209.png 300w, http:\/\/laboratorioloberia.com.ar\/wp-content\/uploads\/2021\/08\/loberia32-1024x713.png 1024w, http:\/\/laboratorioloberia.com.ar\/wp-content\/uploads\/2021\/08\/loberia32-768x535.png 768w, http:\/\/laboratorioloberia.com.ar\/wp-content\/uploads\/2021\/08\/loberia32-1536x1070.png 1536w, http:\/\/laboratorioloberia.com.ar\/wp-content\/uploads\/2021\/08\/loberia32.png 1622w\" sizes=\"auto, (max-width: 300px) 100vw, 300px\" \/><\/p>\n<p>Lograr la Mejora Continua de la Calidad T\u00e9cnica y de Gesti\u00f3n<\/p>\n<p>Incorporar\u00a0 nuevos servicios de an\u00e1lisis acordes a la realidad productiva y a las nuevas tecnolog\u00edas<\/p>\n<p>Capacitarnos en forma continua para estar actualizados en t\u00e9cnicas y diagn\u00f3stico<\/p>\n<p>Incorporar anualmente equipamiento moderno, acompa\u00f1ando los avances tecnol\u00f3gicos<\/p>\n<p><strong>Visi\u00f3n<\/strong><\/p>\n<p>Que el Laboratorio Agropecuario se destaque en la zona de influencia por brindar un Servicio Integral aportando soluciones sustentables en todas las etapas productivas<\/p>\n","protected":false},"excerpt":{"rendered":"<p>La Direcci\u00f3n T\u00e9cnica del Laboratorio Agropecuario asume el compromiso de: Satisfacer los requisitos , expectativas y necesidades de nuestros actuales y potenciales clientes , mediante el compromiso de todo el personal del laboratorio Contar con los recursos necesarios para brindar los servicios en tiempo y forma y cumplir con los requisitos establecidos por las normas [&hellip;]<\/p>\n","protected":false},"author":1,"featured_media":103,"parent":0,"menu_order":0,"comment_status":"closed","ping_status":"closed","template":"","meta":{"footnotes":""},"class_list":["post-90","page","type-page","status-publish","has-post-thumbnail","hentry"],"_links":{"self":[{"href":"http:\/\/laboratorioloberia.com.ar\/index.php?rest_route=\/wp\/v2\/pages\/90","targetHints":{"allow":["GET"]}}],"collection":[{"href":"http:\/\/laboratorioloberia.com.ar\/index.php?rest_route=\/wp\/v2\/pages"}],"about":[{"href":"http:\/\/laboratorioloberia.com.ar\/index.php?rest_route=\/wp\/v2\/types\/page"}],"author":[{"embeddable":true,"href":"http:\/\/laboratorioloberia.com.ar\/index.php?rest_route=\/wp\/v2\/users\/1"}],"replies":[{"embeddable":true,"href":"http:\/\/laboratorioloberia.com.ar\/index.php?rest_route=%2Fwp%2Fv2%2Fcomments&post=90"}],"version-history":[{"count":2,"href":"http:\/\/laboratorioloberia.com.ar\/index.php?rest_route=\/wp\/v2\/pages\/90\/revisions"}],"predecessor-version":[{"id":94,"href":"http:\/\/laboratorioloberia.com.ar\/index.php?rest_route=\/wp\/v2\/pages\/90\/revisions\/94"}],"wp:featuredmedia":[{"embeddable":true,"href":"http:\/\/laboratorioloberia.com.ar\/index.php?rest_route=\/wp\/v2\/media\/103"}],"wp:attachment":[{"href":"http:\/\/laboratorioloberia.com.ar\/index.php?rest_route=%2Fwp%2Fv2%2Fmedia&parent=90"}],"curies":[{"name":"wp","href":"https:\/\/api.w.org\/{rel}","templated":true}]}}