{"id":39,"date":"2021-08-18T14:10:58","date_gmt":"2021-08-18T14:10:58","guid":{"rendered":"http:\/\/laboratorioloberia.com.ar\/wordpress\/?page_id=39"},"modified":"2021-08-27T04:54:17","modified_gmt":"2021-08-27T04:54:17","slug":"analisis-de-alimentos-vegetales-y-enmiendas-organicas","status":"publish","type":"page","link":"http:\/\/laboratorioloberia.com.ar\/?page_id=39","title":{"rendered":"An\u00e1lisis de Alimentos, Vegetales y Enmiendas org\u00e1nicas"},"content":{"rendered":"<ul>\n<li>Humedad<\/li>\n<li>Materia Seca<\/li>\n<li>Nitr\u00f3geno &#8211; Prote\u00edna<\/li>\n<li>Nitr\u00f3geno no proteico<\/li>\n<li>Extracto et\u00e9reo<\/li>\n<li>Materia Grasa<\/li>\n<li>FDN y FDA<\/li>\n<li>Fibra cruda<\/li>\n<li>pH (potenciom\u00e9trico)<\/li>\n<li>Digestibilidad<\/li>\n<li>Energ\u00eda<\/li>\n<li>Cenizas<\/li>\n<li>Minerales\u00a0(Ca, Mg, Na, K, S, P)<\/li>\n<li>Relaci\u00f3n C\/N<\/li>\n<li>Actividad ure\u00e1sica en soja<\/li>\n<li>Toxicidad en Sorgo<\/li>\n<\/ul>\n","protected":false},"excerpt":{"rendered":"<p>Humedad Materia Seca Nitr\u00f3geno &#8211; Prote\u00edna Nitr\u00f3geno no proteico Extracto et\u00e9reo Materia Grasa FDN y FDA Fibra cruda pH (potenciom\u00e9trico) Digestibilidad Energ\u00eda Cenizas Minerales\u00a0(Ca, Mg, Na, K, S, P) Relaci\u00f3n C\/N Actividad ure\u00e1sica en soja Toxicidad en Sorgo<\/p>\n","protected":false},"author":1,"featured_media":28,"parent":0,"menu_order":0,"comment_status":"closed","ping_status":"closed","template":"","meta":{"footnotes":""},"class_list":["post-39","page","type-page","status-publish","has-post-thumbnail","hentry"],"_links":{"self":[{"href":"http:\/\/laboratorioloberia.com.ar\/index.php?rest_route=\/wp\/v2\/pages\/39","targetHints":{"allow":["GET"]}}],"collection":[{"href":"http:\/\/laboratorioloberia.com.ar\/index.php?rest_route=\/wp\/v2\/pages"}],"about":[{"href":"http:\/\/laboratorioloberia.com.ar\/index.php?rest_route=\/wp\/v2\/types\/page"}],"author":[{"embeddable":true,"href":"http:\/\/laboratorioloberia.com.ar\/index.php?rest_route=\/wp\/v2\/users\/1"}],"replies":[{"embeddable":true,"href":"http:\/\/laboratorioloberia.com.ar\/index.php?rest_route=%2Fwp%2Fv2%2Fcomments&post=39"}],"version-history":[{"count":4,"href":"http:\/\/laboratorioloberia.com.ar\/index.php?rest_route=\/wp\/v2\/pages\/39\/revisions"}],"predecessor-version":[{"id":110,"href":"http:\/\/laboratorioloberia.com.ar\/index.php?rest_route=\/wp\/v2\/pages\/39\/revisions\/110"}],"wp:featuredmedia":[{"embeddable":true,"href":"http:\/\/laboratorioloberia.com.ar\/index.php?rest_route=\/wp\/v2\/media\/28"}],"wp:attachment":[{"href":"http:\/\/laboratorioloberia.com.ar\/index.php?rest_route=%2Fwp%2Fv2%2Fmedia&parent=39"}],"curies":[{"name":"wp","href":"https:\/\/api.w.org\/{rel}","templated":true}]}}