{"id":132,"date":"2021-08-27T05:11:54","date_gmt":"2021-08-27T05:11:54","guid":{"rendered":"http:\/\/laboratorioloberia.com.ar\/wordpress\/?page_id=132"},"modified":"2024-11-16T22:53:44","modified_gmt":"2024-11-16T22:53:44","slug":"contacto","status":"publish","type":"page","link":"http:\/\/laboratorioloberia.com.ar\/?page_id=132","title":{"rendered":"Contacto"},"content":{"rendered":"<p><iframe loading=\"lazy\" style=\"border: 0;\" src=\"https:\/\/www.google.com\/maps\/embed?pb=!1m18!1m12!1m3!1d3136.7951910171932!2d-58.7789856490409!3d-38.1681991620806!2m3!1f0!2f0!3f0!3m2!1i1024!2i768!4f13.1!3m3!1m2!1s0x958fdfac8ec5115d%3A0x9b06cc42a2296bbe!2sAv.%20San%20Mart%C3%ADn%20652%2C%20Lober%C3%ADa%2C%20Provincia%20de%20Buenos%20Aires!5e0!3m2!1ses-419!2sar!4v1630040766719!5m2!1ses-419!2sar\" width=\"600\" height=\"450\" allowfullscreen=\"allowfullscreen\"><\/iframe><\/p>\n<p>Av. San Mart\u00edn 652<\/p>\n<p>7635 Lober\u00eda (Buenos Aires)<\/p>\n<p>Tel\u00e9fonos: 02261 &#8211; 443240\/2112<\/p>\n<p>laboratorioagropecuario@gmail.com<\/p>\n","protected":false},"excerpt":{"rendered":"<p>Av. San Mart\u00edn 652 7635 Lober\u00eda (Buenos Aires) Tel\u00e9fonos: 02261 &#8211; 443240\/2112 laboratorioagropecuario@gmail.com<\/p>\n","protected":false},"author":1,"featured_media":0,"parent":0,"menu_order":0,"comment_status":"closed","ping_status":"closed","template":"","meta":{"footnotes":""},"class_list":["post-132","page","type-page","status-publish","hentry"],"_links":{"self":[{"href":"http:\/\/laboratorioloberia.com.ar\/index.php?rest_route=\/wp\/v2\/pages\/132","targetHints":{"allow":["GET"]}}],"collection":[{"href":"http:\/\/laboratorioloberia.com.ar\/index.php?rest_route=\/wp\/v2\/pages"}],"about":[{"href":"http:\/\/laboratorioloberia.com.ar\/index.php?rest_route=\/wp\/v2\/types\/page"}],"author":[{"embeddable":true,"href":"http:\/\/laboratorioloberia.com.ar\/index.php?rest_route=\/wp\/v2\/users\/1"}],"replies":[{"embeddable":true,"href":"http:\/\/laboratorioloberia.com.ar\/index.php?rest_route=%2Fwp%2Fv2%2Fcomments&post=132"}],"version-history":[{"count":2,"href":"http:\/\/laboratorioloberia.com.ar\/index.php?rest_route=\/wp\/v2\/pages\/132\/revisions"}],"predecessor-version":[{"id":8010,"href":"http:\/\/laboratorioloberia.com.ar\/index.php?rest_route=\/wp\/v2\/pages\/132\/revisions\/8010"}],"wp:attachment":[{"href":"http:\/\/laboratorioloberia.com.ar\/index.php?rest_route=%2Fwp%2Fv2%2Fmedia&parent=132"}],"curies":[{"name":"wp","href":"https:\/\/api.w.org\/{rel}","templated":true}]}}